{"id":184,"date":"2021-03-21T12:46:30","date_gmt":"2021-03-21T11:46:30","guid":{"rendered":"https:\/\/mobil-protect.fr\/?page_id=184"},"modified":"2021-07-09T10:10:42","modified_gmt":"2021-07-09T08:10:42","slug":"cas-client-mobil-protect","status":"publish","type":"page","link":"https:\/\/mobil-protect.fr\/index.php\/cas-client-mobil-protect\/","title":{"rendered":"Cas clients"},"content":{"rendered":"\t\t<div data-elementor-type=\"wp-page\" data-elementor-id=\"184\" class=\"elementor elementor-184\">\n\t\t\t\t\t\t<section class=\"elementor-section elementor-top-section elementor-element elementor-element-67e8f48 elementor-section-full_width elementor-section-height-default elementor-section-height-default\" data-id=\"67e8f48\" data-element_type=\"section\">\n\t\t\t\t\t\t<div class=\"elementor-container elementor-column-gap-default\">\n\t\t\t\t\t<div class=\"elementor-column elementor-col-50 elementor-top-column elementor-element elementor-element-a765c62\" data-id=\"a765c62\" data-element_type=\"column\">\n\t\t\t<div class=\"elementor-widget-wrap elementor-element-populated\">\n\t\t\t\t\t\t<div class=\"elementor-element elementor-element-7e66829 animated-fast elementor-invisible elementor-widget elementor-widget-heading\" data-id=\"7e66829\" data-element_type=\"widget\" data-settings=\"{&quot;_animation&quot;:&quot;fadeInLeft&quot;}\" data-widget_type=\"heading.default\">\n\t\t\t\t<div class=\"elementor-widget-container\">\n\t\t\t\t\t<h1 class=\"elementor-heading-title elementor-size-default\">Nous sommes un partenaire de <b><span style=\"color:#FF0800\">confiance<\/span><\/b><\/h1>\t\t\t\t<\/div>\n\t\t\t\t<\/div>\n\t\t\t\t<div class=\"elementor-element elementor-element-feb5d82 animated-slow elementor-invisible elementor-widget elementor-widget-image-carousel\" data-id=\"feb5d82\" data-element_type=\"widget\" data-settings=\"{&quot;slides_to_show&quot;:&quot;3&quot;,&quot;navigation&quot;:&quot;none&quot;,&quot;pause_on_hover&quot;:&quot;no&quot;,&quot;pause_on_interaction&quot;:&quot;no&quot;,&quot;image_spacing_custom&quot;:{&quot;unit&quot;:&quot;px&quot;,&quot;size&quot;:12,&quot;sizes&quot;:[]},&quot;_animation&quot;:&quot;fadeInLeft&quot;,&quot;slides_to_show_mobile&quot;:&quot;3&quot;,&quot;autoplay&quot;:&quot;yes&quot;,&quot;autoplay_speed&quot;:5000,&quot;infinite&quot;:&quot;yes&quot;,&quot;speed&quot;:500,&quot;image_spacing_custom_tablet&quot;:{&quot;unit&quot;:&quot;px&quot;,&quot;size&quot;:&quot;&quot;,&quot;sizes&quot;:[]},&quot;image_spacing_custom_mobile&quot;:{&quot;unit&quot;:&quot;px&quot;,&quot;size&quot;:&quot;&quot;,&quot;sizes&quot;:[]}}\" data-widget_type=\"image-carousel.default\">\n\t\t\t\t<div class=\"elementor-widget-container\">\n\t\t\t\t\t\t\t<div class=\"elementor-image-carousel-wrapper swiper\" role=\"region\" aria-roledescription=\"carousel\" aria-label=\"Carrousel d\u2019images\" dir=\"ltr\">\n\t\t\t<div class=\"elementor-image-carousel swiper-wrapper\" aria-live=\"off\">\n\t\t\t\t\t\t\t\t<div class=\"swiper-slide\" role=\"group\" aria-roledescription=\"slide\" aria-label=\"1 sur 3\"><figure class=\"swiper-slide-inner\"><img decoding=\"async\" class=\"swiper-slide-image\" src=\"https:\/\/mobil-protect.fr\/wp-content\/uploads\/2021\/03\/Logo_Bouygues_Immobilier-300x136.jpg\" alt=\"Logo_Bouygues_Immobilier\" \/><\/figure><\/div><div class=\"swiper-slide\" role=\"group\" aria-roledescription=\"slide\" aria-label=\"2 sur 3\"><figure class=\"swiper-slide-inner\"><img decoding=\"async\" class=\"swiper-slide-image\" src=\"https:\/\/mobil-protect.fr\/wp-content\/uploads\/2021\/03\/vinci-300x136.jpg\" alt=\"vinci\" \/><\/figure><\/div><div class=\"swiper-slide\" role=\"group\" aria-roledescription=\"slide\" aria-label=\"3 sur 3\"><figure class=\"swiper-slide-inner\"><img decoding=\"async\" class=\"swiper-slide-image\" src=\"https:\/\/mobil-protect.fr\/wp-content\/uploads\/2021\/04\/novaxia-1-300x93.png\" alt=\"novaxia\" \/><\/figure><\/div>\t\t\t<\/div>\n\t\t\t\t\t\t\t\n\t\t\t\t\t\t\t\t\t<\/div>\n\t\t\t\t\t\t<\/div>\n\t\t\t\t<\/div>\n\t\t\t\t\t<\/div>\n\t\t<\/div>\n\t\t\t\t<div class=\"elementor-column elementor-col-50 elementor-top-column elementor-element elementor-element-47c8142 elementor-hidden-phone\" data-id=\"47c8142\" data-element_type=\"column\" data-settings=\"{&quot;background_background&quot;:&quot;classic&quot;}\">\n\t\t\t<div class=\"elementor-widget-wrap elementor-element-populated\">\n\t\t\t\t\t\t<div class=\"elementor-element elementor-element-ae4cf62 elementor-invisible elementor-widget elementor-widget-image\" data-id=\"ae4cf62\" data-element_type=\"widget\" data-settings=\"{&quot;_animation&quot;:&quot;fadeInRight&quot;}\" data-widget_type=\"image.default\">\n\t\t\t\t<div class=\"elementor-widget-container\">\n\t\t\t\t\t\t\t\t\t\t\t\t\t\t\t<img fetchpriority=\"high\" decoding=\"async\" width=\"783\" height=\"1024\" src=\"https:\/\/mobil-protect.fr\/wp-content\/uploads\/2021\/05\/casclients-783x1024.jpg\" class=\"attachment-large size-large wp-image-1993\" alt=\"\" srcset=\"https:\/\/mobil-protect.fr\/wp-content\/uploads\/2021\/05\/casclients-783x1024.jpg 783w, https:\/\/mobil-protect.fr\/wp-content\/uploads\/2021\/05\/casclients-229x300.jpg 229w, https:\/\/mobil-protect.fr\/wp-content\/uploads\/2021\/05\/casclients-768x1004.jpg 768w, https:\/\/mobil-protect.fr\/wp-content\/uploads\/2021\/05\/casclients.jpg 1020w\" sizes=\"(max-width: 783px) 100vw, 783px\" \/>\t\t\t\t\t\t\t\t\t\t\t\t\t\t\t<\/div>\n\t\t\t\t<\/div>\n\t\t\t\t\t<\/div>\n\t\t<\/div>\n\t\t\t\t\t<\/div>\n\t\t<\/section>\n\t\t\t\t<section class=\"elementor-section elementor-top-section elementor-element elementor-element-a3e6cc0 elementor-section-full_width elementor-section-height-default elementor-section-height-default\" data-id=\"a3e6cc0\" data-element_type=\"section\">\n\t\t\t\t\t\t<div class=\"elementor-container elementor-column-gap-default\">\n\t\t\t\t\t<div class=\"elementor-column elementor-col-100 elementor-top-column elementor-element elementor-element-41d84f2\" data-id=\"41d84f2\" data-element_type=\"column\">\n\t\t\t<div class=\"elementor-widget-wrap elementor-element-populated\">\n\t\t\t\t\t\t<div class=\"elementor-element elementor-element-b78de8e elementor-widget elementor-widget-spacer\" data-id=\"b78de8e\" data-element_type=\"widget\" data-widget_type=\"spacer.default\">\n\t\t\t\t<div class=\"elementor-widget-container\">\n\t\t\t\t\t\t\t<div class=\"elementor-spacer\">\n\t\t\t<div class=\"elementor-spacer-inner\"><\/div>\n\t\t<\/div>\n\t\t\t\t\t\t<\/div>\n\t\t\t\t<\/div>\n\t\t\t\t<div class=\"elementor-element elementor-element-c1281cc elementor-headline--style-rotate animated-slow elementor-invisible elementor-widget elementor-widget-animated-headline\" data-id=\"c1281cc\" data-element_type=\"widget\" data-settings=\"{&quot;headline_style&quot;:&quot;rotate&quot;,&quot;animation_type&quot;:&quot;swirl&quot;,&quot;_animation&quot;:&quot;fadeIn&quot;,&quot;loop&quot;:&quot;yes&quot;,&quot;rotate_iteration_delay&quot;:2500}\" data-widget_type=\"animated-headline.default\">\n\t\t\t\t<div class=\"elementor-widget-container\">\n\t\t\t\t\t\t\t<h3 class=\"elementor-headline elementor-headline-animation-type-swirl elementor-headline-letters\">\n\t\t\t\t\t<span class=\"elementor-headline-plain-text elementor-headline-text-wrapper\">Prot\u00e9ger votre : <\/span>\n\t\t\t\t<span class=\"elementor-headline-dynamic-wrapper elementor-headline-text-wrapper\">\n\t\t\t\t<\/span>\n\t\t\t\t<\/h3>\n\t\t\t\t\t\t<\/div>\n\t\t\t\t<\/div>\n\t\t\t\t\t<\/div>\n\t\t<\/div>\n\t\t\t\t\t<\/div>\n\t\t<\/section>\n\t\t\t\t<section class=\"elementor-section elementor-top-section elementor-element elementor-element-bff0906 elementor-section-boxed elementor-section-height-default elementor-section-height-default\" data-id=\"bff0906\" data-element_type=\"section\">\n\t\t\t\t\t\t<div class=\"elementor-container elementor-column-gap-default\">\n\t\t\t\t\t<div class=\"elementor-column elementor-col-100 elementor-top-column elementor-element elementor-element-39d4b2d\" data-id=\"39d4b2d\" data-element_type=\"column\">\n\t\t\t<div class=\"elementor-widget-wrap\">\n\t\t\t\t\t\t\t<\/div>\n\t\t<\/div>\n\t\t\t\t\t<\/div>\n\t\t<\/section>\n\t\t\t\t<section class=\"elementor-section elementor-top-section elementor-element elementor-element-69e7bfb2 elementor-section-full_width elementor-section-content-middle elementor-section-height-default elementor-section-height-default\" data-id=\"69e7bfb2\" data-element_type=\"section\">\n\t\t\t\t\t\t<div class=\"elementor-container elementor-column-gap-no\">\n\t\t\t\t\t<div class=\"elementor-column elementor-col-33 elementor-top-column elementor-element elementor-element-5e0dd9a2 elementor-invisible\" data-id=\"5e0dd9a2\" data-element_type=\"column\" data-settings=\"{&quot;background_background&quot;:&quot;classic&quot;,&quot;animation&quot;:&quot;fadeInRight&quot;}\">\n\t\t\t<div class=\"elementor-widget-wrap elementor-element-populated\">\n\t\t\t\t\t\t<div class=\"elementor-element elementor-element-e288001 elementor-widget elementor-widget-image\" data-id=\"e288001\" data-element_type=\"widget\" data-settings=\"{&quot;_animation&quot;:&quot;none&quot;}\" data-widget_type=\"image.default\">\n\t\t\t\t<div class=\"elementor-widget-container\">\n\t\t\t\t\t\t\t\t\t\t\t\t\t\t\t\t<a href=\"https:\/\/mobil-protect.fr\/index.php\/bien-de-prestige\/\">\n\t\t\t\t\t\t\t<img decoding=\"async\" width=\"800\" height=\"800\" src=\"https:\/\/mobil-protect.fr\/wp-content\/uploads\/2021\/05\/cle-bien-de-prestige-1-2-1024x1024.png\" class=\"elementor-animation-grow attachment-large size-large wp-image-1703\" alt=\"\" srcset=\"https:\/\/mobil-protect.fr\/wp-content\/uploads\/2021\/05\/cle-bien-de-prestige-1-2-1024x1024.png 1024w, https:\/\/mobil-protect.fr\/wp-content\/uploads\/2021\/05\/cle-bien-de-prestige-1-2-300x300.png 300w, https:\/\/mobil-protect.fr\/wp-content\/uploads\/2021\/05\/cle-bien-de-prestige-1-2-150x150.png 150w, https:\/\/mobil-protect.fr\/wp-content\/uploads\/2021\/05\/cle-bien-de-prestige-1-2-768x768.png 768w, https:\/\/mobil-protect.fr\/wp-content\/uploads\/2021\/05\/cle-bien-de-prestige-1-2-1536x1536.png 1536w, https:\/\/mobil-protect.fr\/wp-content\/uploads\/2021\/05\/cle-bien-de-prestige-1-2-2048x2048.png 2048w\" sizes=\"(max-width: 800px) 100vw, 800px\" \/>\t\t\t\t\t\t\t\t<\/a>\n\t\t\t\t\t\t\t\t\t\t\t\t\t\t\t<\/div>\n\t\t\t\t<\/div>\n\t\t\t\t<div class=\"elementor-element elementor-element-15db934 animated-slow elementor-align-center elementor-invisible elementor-widget elementor-widget-button\" data-id=\"15db934\" data-element_type=\"widget\" data-settings=\"{&quot;_animation&quot;:&quot;fadeIn&quot;}\" data-widget_type=\"button.default\">\n\t\t\t\t<div class=\"elementor-widget-container\">\n\t\t\t\t\t\t\t\t\t<div class=\"elementor-button-wrapper\">\n\t\t\t\t\t<a class=\"elementor-button elementor-button-link elementor-size-sm\" href=\"https:\/\/mobil-protect.fr\/index.php\/bien-de-prestige\/\">\n\t\t\t\t\t\t<span class=\"elementor-button-content-wrapper\">\n\t\t\t\t\t\t\t\t\t<span class=\"elementor-button-text\">Bien de prestige<\/span>\n\t\t\t\t\t<\/span>\n\t\t\t\t\t<\/a>\n\t\t\t\t<\/div>\n\t\t\t\t\t\t\t\t<\/div>\n\t\t\t\t<\/div>\n\t\t\t\t\t<\/div>\n\t\t<\/div>\n\t\t\t\t<div class=\"elementor-column elementor-col-33 elementor-top-column elementor-element elementor-element-5b24b00\" data-id=\"5b24b00\" data-element_type=\"column\" data-settings=\"{&quot;background_background&quot;:&quot;classic&quot;,&quot;animation&quot;:&quot;none&quot;}\">\n\t\t\t<div class=\"elementor-widget-wrap elementor-element-populated\">\n\t\t\t\t\t\t<div class=\"elementor-element elementor-element-c0d3306 elementor-widget elementor-widget-image\" data-id=\"c0d3306\" data-element_type=\"widget\" data-widget_type=\"image.default\">\n\t\t\t\t<div class=\"elementor-widget-container\">\n\t\t\t\t\t\t\t\t\t\t\t\t\t\t\t\t<a href=\"https:\/\/mobil-protect.fr\/index.php\/chantier\/\">\n\t\t\t\t\t\t\t<img decoding=\"async\" width=\"800\" height=\"800\" src=\"https:\/\/mobil-protect.fr\/wp-content\/uploads\/2021\/05\/grue-1024x1024.png\" class=\"elementor-animation-grow attachment-large size-large wp-image-1681\" alt=\"\" srcset=\"https:\/\/mobil-protect.fr\/wp-content\/uploads\/2021\/05\/grue-1024x1024.png 1024w, https:\/\/mobil-protect.fr\/wp-content\/uploads\/2021\/05\/grue-300x300.png 300w, https:\/\/mobil-protect.fr\/wp-content\/uploads\/2021\/05\/grue-150x150.png 150w, https:\/\/mobil-protect.fr\/wp-content\/uploads\/2021\/05\/grue-768x768.png 768w, https:\/\/mobil-protect.fr\/wp-content\/uploads\/2021\/05\/grue-1536x1536.png 1536w, https:\/\/mobil-protect.fr\/wp-content\/uploads\/2021\/05\/grue-2048x2048.png 2048w\" sizes=\"(max-width: 800px) 100vw, 800px\" \/>\t\t\t\t\t\t\t\t<\/a>\n\t\t\t\t\t\t\t\t\t\t\t\t\t\t\t<\/div>\n\t\t\t\t<\/div>\n\t\t\t\t<div class=\"elementor-element elementor-element-e0a101d animated-slow elementor-align-center elementor-invisible elementor-widget elementor-widget-button\" data-id=\"e0a101d\" data-element_type=\"widget\" data-settings=\"{&quot;_animation&quot;:&quot;fadeIn&quot;}\" data-widget_type=\"button.default\">\n\t\t\t\t<div class=\"elementor-widget-container\">\n\t\t\t\t\t\t\t\t\t<div class=\"elementor-button-wrapper\">\n\t\t\t\t\t<a class=\"elementor-button elementor-button-link elementor-size-sm\" href=\"https:\/\/mobil-protect.fr\/index.php\/chantier\/\">\n\t\t\t\t\t\t<span class=\"elementor-button-content-wrapper\">\n\t\t\t\t\t\t\t\t\t<span class=\"elementor-button-text\">Chantier<\/span>\n\t\t\t\t\t<\/span>\n\t\t\t\t\t<\/a>\n\t\t\t\t<\/div>\n\t\t\t\t\t\t\t\t<\/div>\n\t\t\t\t<\/div>\n\t\t\t\t\t<\/div>\n\t\t<\/div>\n\t\t\t\t<div class=\"elementor-column elementor-col-33 elementor-top-column elementor-element elementor-element-a7a63c1 elementor-invisible\" data-id=\"a7a63c1\" data-element_type=\"column\" data-settings=\"{&quot;background_background&quot;:&quot;classic&quot;,&quot;animation&quot;:&quot;fadeInLeft&quot;}\">\n\t\t\t<div class=\"elementor-widget-wrap elementor-element-populated\">\n\t\t\t\t\t\t<div class=\"elementor-element elementor-element-f5ced23 elementor-widget elementor-widget-image\" data-id=\"f5ced23\" data-element_type=\"widget\" data-widget_type=\"image.default\">\n\t\t\t\t<div class=\"elementor-widget-container\">\n\t\t\t\t\t\t\t\t\t\t\t\t\t\t\t\t<a href=\"https:\/\/mobil-protect.fr\/index.php\/bureau\/\">\n\t\t\t\t\t\t\t<img loading=\"lazy\" decoding=\"async\" width=\"800\" height=\"800\" src=\"https:\/\/mobil-protect.fr\/wp-content\/uploads\/2021\/05\/tour-de-bureau-secu-1024x1024.png\" class=\"elementor-animation-grow attachment-large size-large wp-image-1693\" alt=\"\" srcset=\"https:\/\/mobil-protect.fr\/wp-content\/uploads\/2021\/05\/tour-de-bureau-secu-1024x1024.png 1024w, https:\/\/mobil-protect.fr\/wp-content\/uploads\/2021\/05\/tour-de-bureau-secu-300x300.png 300w, https:\/\/mobil-protect.fr\/wp-content\/uploads\/2021\/05\/tour-de-bureau-secu-150x150.png 150w, https:\/\/mobil-protect.fr\/wp-content\/uploads\/2021\/05\/tour-de-bureau-secu-768x768.png 768w, https:\/\/mobil-protect.fr\/wp-content\/uploads\/2021\/05\/tour-de-bureau-secu-1536x1536.png 1536w, https:\/\/mobil-protect.fr\/wp-content\/uploads\/2021\/05\/tour-de-bureau-secu-2048x2048.png 2048w\" sizes=\"(max-width: 800px) 100vw, 800px\" \/>\t\t\t\t\t\t\t\t<\/a>\n\t\t\t\t\t\t\t\t\t\t\t\t\t\t\t<\/div>\n\t\t\t\t<\/div>\n\t\t\t\t<div class=\"elementor-element elementor-element-005fa32 animated-slow elementor-align-center elementor-invisible elementor-widget elementor-widget-button\" data-id=\"005fa32\" data-element_type=\"widget\" data-settings=\"{&quot;_animation&quot;:&quot;fadeIn&quot;}\" data-widget_type=\"button.default\">\n\t\t\t\t<div class=\"elementor-widget-container\">\n\t\t\t\t\t\t\t\t\t<div class=\"elementor-button-wrapper\">\n\t\t\t\t\t<a class=\"elementor-button elementor-button-link elementor-size-sm\" href=\"https:\/\/mobil-protect.fr\/index.php\/bureau\/\">\n\t\t\t\t\t\t<span class=\"elementor-button-content-wrapper\">\n\t\t\t\t\t\t\t\t\t<span class=\"elementor-button-text\">Bureau<\/span>\n\t\t\t\t\t<\/span>\n\t\t\t\t\t<\/a>\n\t\t\t\t<\/div>\n\t\t\t\t\t\t\t\t<\/div>\n\t\t\t\t<\/div>\n\t\t\t\t\t<\/div>\n\t\t<\/div>\n\t\t\t\t\t<\/div>\n\t\t<\/section>\n\t\t\t\t<section class=\"elementor-section elementor-top-section elementor-element elementor-element-cdcb77c elementor-section-boxed elementor-section-height-default elementor-section-height-default\" data-id=\"cdcb77c\" data-element_type=\"section\">\n\t\t\t\t\t\t<div class=\"elementor-container elementor-column-gap-default\">\n\t\t\t\t\t<div class=\"elementor-column elementor-col-100 elementor-top-column elementor-element elementor-element-ea6761f\" data-id=\"ea6761f\" data-element_type=\"column\">\n\t\t\t<div class=\"elementor-widget-wrap elementor-element-populated\">\n\t\t\t\t\t\t<div class=\"elementor-element elementor-element-3d6eef8 elementor-widget elementor-widget-spacer\" data-id=\"3d6eef8\" data-element_type=\"widget\" data-widget_type=\"spacer.default\">\n\t\t\t\t<div class=\"elementor-widget-container\">\n\t\t\t\t\t\t\t<div class=\"elementor-spacer\">\n\t\t\t<div class=\"elementor-spacer-inner\"><\/div>\n\t\t<\/div>\n\t\t\t\t\t\t<\/div>\n\t\t\t\t<\/div>\n\t\t\t\t\t<\/div>\n\t\t<\/div>\n\t\t\t\t\t<\/div>\n\t\t<\/section>\n\t\t\t\t<\/div>\n\t\t","protected":false},"excerpt":{"rendered":"<p>Nous sommes un partenaire de confiance Prot\u00e9ger votre : Bien de prestige Chantier Bureau<\/p>\n","protected":false},"author":1,"featured_media":0,"parent":0,"menu_order":0,"comment_status":"closed","ping_status":"closed","template":"","meta":{"footnotes":""},"class_list":["post-184","page","type-page","status-publish","hentry"],"yoast_head":"<!-- This site is optimized with the Yoast SEO plugin v24.5 - https:\/\/yoast.com\/wordpress\/plugins\/seo\/ -->\n<title>Cas clients - Mobil-Protect<\/title>\n<meta name=\"description\" content=\"D\u00e9couvrez les diff\u00e9rents cas clients qui ont fait confiance \u00e0 Mobil-Protect. Prot\u00e9ger chantier, bien de prestige, local inoccup\u00e9 et \u00e9v\u00e8nement ...\" \/>\n<meta name=\"robots\" content=\"index, follow, max-snippet:-1, max-image-preview:large, max-video-preview:-1\" \/>\n<link rel=\"canonical\" href=\"https:\/\/mobil-protect.fr\/index.php\/cas-client-mobil-protect\/\" \/>\n<meta property=\"og:locale\" content=\"fr_FR\" \/>\n<meta property=\"og:type\" content=\"article\" \/>\n<meta property=\"og:title\" content=\"Cas clients - Mobil-Protect\" \/>\n<meta property=\"og:description\" content=\"D\u00e9couvrez les diff\u00e9rents cas clients qui ont fait confiance \u00e0 Mobil-Protect. Prot\u00e9ger chantier, bien de prestige, local inoccup\u00e9 et \u00e9v\u00e8nement ...\" \/>\n<meta property=\"og:url\" content=\"https:\/\/mobil-protect.fr\/index.php\/cas-client-mobil-protect\/\" \/>\n<meta property=\"og:site_name\" content=\"Mobil-Protect\" \/>\n<meta property=\"article:modified_time\" content=\"2021-07-09T08:10:42+00:00\" \/>\n<meta property=\"og:image\" content=\"https:\/\/mobil-protect.fr\/wp-content\/uploads\/2021\/03\/Logo_Bouygues_Immobilier-300x136.jpg\" \/>\n<meta name=\"twitter:card\" content=\"summary_large_image\" \/>\n<meta name=\"twitter:label1\" content=\"Dur\u00e9e de lecture estim\u00e9e\" \/>\n\t<meta name=\"twitter:data1\" content=\"2 minutes\" \/>\n<script type=\"application\/ld+json\" class=\"yoast-schema-graph\">{\"@context\":\"https:\/\/schema.org\",\"@graph\":[{\"@type\":\"WebPage\",\"@id\":\"https:\/\/mobil-protect.fr\/index.php\/cas-client-mobil-protect\/\",\"url\":\"https:\/\/mobil-protect.fr\/index.php\/cas-client-mobil-protect\/\",\"name\":\"Cas clients - Mobil-Protect\",\"isPartOf\":{\"@id\":\"https:\/\/mobil-protect.fr\/#website\"},\"primaryImageOfPage\":{\"@id\":\"https:\/\/mobil-protect.fr\/index.php\/cas-client-mobil-protect\/#primaryimage\"},\"image\":{\"@id\":\"https:\/\/mobil-protect.fr\/index.php\/cas-client-mobil-protect\/#primaryimage\"},\"thumbnailUrl\":\"https:\/\/mobil-protect.fr\/wp-content\/uploads\/2021\/03\/Logo_Bouygues_Immobilier-300x136.jpg\",\"datePublished\":\"2021-03-21T11:46:30+00:00\",\"dateModified\":\"2021-07-09T08:10:42+00:00\",\"description\":\"D\u00e9couvrez les diff\u00e9rents cas clients qui ont fait confiance \u00e0 Mobil-Protect. Prot\u00e9ger chantier, bien de prestige, local inoccup\u00e9 et \u00e9v\u00e8nement ...\",\"breadcrumb\":{\"@id\":\"https:\/\/mobil-protect.fr\/index.php\/cas-client-mobil-protect\/#breadcrumb\"},\"inLanguage\":\"fr-FR\",\"potentialAction\":[{\"@type\":\"ReadAction\",\"target\":[\"https:\/\/mobil-protect.fr\/index.php\/cas-client-mobil-protect\/\"]}]},{\"@type\":\"ImageObject\",\"inLanguage\":\"fr-FR\",\"@id\":\"https:\/\/mobil-protect.fr\/index.php\/cas-client-mobil-protect\/#primaryimage\",\"url\":\"https:\/\/mobil-protect.fr\/wp-content\/uploads\/2021\/03\/Logo_Bouygues_Immobilier.jpg\",\"contentUrl\":\"https:\/\/mobil-protect.fr\/wp-content\/uploads\/2021\/03\/Logo_Bouygues_Immobilier.jpg\",\"width\":704,\"height\":320},{\"@type\":\"BreadcrumbList\",\"@id\":\"https:\/\/mobil-protect.fr\/index.php\/cas-client-mobil-protect\/#breadcrumb\",\"itemListElement\":[{\"@type\":\"ListItem\",\"position\":1,\"name\":\"Accueil\",\"item\":\"https:\/\/mobil-protect.fr\/\"},{\"@type\":\"ListItem\",\"position\":2,\"name\":\"Cas clients\"}]},{\"@type\":\"WebSite\",\"@id\":\"https:\/\/mobil-protect.fr\/#website\",\"url\":\"https:\/\/mobil-protect.fr\/\",\"name\":\"Mobil-Protect\",\"description\":\"Simple, mobile et efficace\",\"publisher\":{\"@id\":\"https:\/\/mobil-protect.fr\/#organization\"},\"potentialAction\":[{\"@type\":\"SearchAction\",\"target\":{\"@type\":\"EntryPoint\",\"urlTemplate\":\"https:\/\/mobil-protect.fr\/?s={search_term_string}\"},\"query-input\":{\"@type\":\"PropertyValueSpecification\",\"valueRequired\":true,\"valueName\":\"search_term_string\"}}],\"inLanguage\":\"fr-FR\"},{\"@type\":\"Organization\",\"@id\":\"https:\/\/mobil-protect.fr\/#organization\",\"name\":\"Mobil-Protect\",\"url\":\"https:\/\/mobil-protect.fr\/\",\"logo\":{\"@type\":\"ImageObject\",\"inLanguage\":\"fr-FR\",\"@id\":\"https:\/\/mobil-protect.fr\/#\/schema\/logo\/image\/\",\"url\":\"https:\/\/mobil-protect.fr\/wp-content\/uploads\/2021\/03\/cropped-Logo-MobilProtect.jpg\",\"contentUrl\":\"https:\/\/mobil-protect.fr\/wp-content\/uploads\/2021\/03\/cropped-Logo-MobilProtect.jpg\",\"width\":600,\"height\":333,\"caption\":\"Mobil-Protect\"},\"image\":{\"@id\":\"https:\/\/mobil-protect.fr\/#\/schema\/logo\/image\/\"}}]}<\/script>\n<!-- \/ Yoast SEO plugin. -->","yoast_head_json":{"title":"Cas clients - Mobil-Protect","description":"D\u00e9couvrez les diff\u00e9rents cas clients qui ont fait confiance \u00e0 Mobil-Protect. Prot\u00e9ger chantier, bien de prestige, local inoccup\u00e9 et \u00e9v\u00e8nement ...","robots":{"index":"index","follow":"follow","max-snippet":"max-snippet:-1","max-image-preview":"max-image-preview:large","max-video-preview":"max-video-preview:-1"},"canonical":"https:\/\/mobil-protect.fr\/index.php\/cas-client-mobil-protect\/","og_locale":"fr_FR","og_type":"article","og_title":"Cas clients - Mobil-Protect","og_description":"D\u00e9couvrez les diff\u00e9rents cas clients qui ont fait confiance \u00e0 Mobil-Protect. Prot\u00e9ger chantier, bien de prestige, local inoccup\u00e9 et \u00e9v\u00e8nement ...","og_url":"https:\/\/mobil-protect.fr\/index.php\/cas-client-mobil-protect\/","og_site_name":"Mobil-Protect","article_modified_time":"2021-07-09T08:10:42+00:00","og_image":[{"url":"https:\/\/mobil-protect.fr\/wp-content\/uploads\/2021\/03\/Logo_Bouygues_Immobilier-300x136.jpg","type":"","width":"","height":""}],"twitter_card":"summary_large_image","twitter_misc":{"Dur\u00e9e de lecture estim\u00e9e":"2 minutes"},"schema":{"@context":"https:\/\/schema.org","@graph":[{"@type":"WebPage","@id":"https:\/\/mobil-protect.fr\/index.php\/cas-client-mobil-protect\/","url":"https:\/\/mobil-protect.fr\/index.php\/cas-client-mobil-protect\/","name":"Cas clients - Mobil-Protect","isPartOf":{"@id":"https:\/\/mobil-protect.fr\/#website"},"primaryImageOfPage":{"@id":"https:\/\/mobil-protect.fr\/index.php\/cas-client-mobil-protect\/#primaryimage"},"image":{"@id":"https:\/\/mobil-protect.fr\/index.php\/cas-client-mobil-protect\/#primaryimage"},"thumbnailUrl":"https:\/\/mobil-protect.fr\/wp-content\/uploads\/2021\/03\/Logo_Bouygues_Immobilier-300x136.jpg","datePublished":"2021-03-21T11:46:30+00:00","dateModified":"2021-07-09T08:10:42+00:00","description":"D\u00e9couvrez les diff\u00e9rents cas clients qui ont fait confiance \u00e0 Mobil-Protect. Prot\u00e9ger chantier, bien de prestige, local inoccup\u00e9 et \u00e9v\u00e8nement ...","breadcrumb":{"@id":"https:\/\/mobil-protect.fr\/index.php\/cas-client-mobil-protect\/#breadcrumb"},"inLanguage":"fr-FR","potentialAction":[{"@type":"ReadAction","target":["https:\/\/mobil-protect.fr\/index.php\/cas-client-mobil-protect\/"]}]},{"@type":"ImageObject","inLanguage":"fr-FR","@id":"https:\/\/mobil-protect.fr\/index.php\/cas-client-mobil-protect\/#primaryimage","url":"https:\/\/mobil-protect.fr\/wp-content\/uploads\/2021\/03\/Logo_Bouygues_Immobilier.jpg","contentUrl":"https:\/\/mobil-protect.fr\/wp-content\/uploads\/2021\/03\/Logo_Bouygues_Immobilier.jpg","width":704,"height":320},{"@type":"BreadcrumbList","@id":"https:\/\/mobil-protect.fr\/index.php\/cas-client-mobil-protect\/#breadcrumb","itemListElement":[{"@type":"ListItem","position":1,"name":"Accueil","item":"https:\/\/mobil-protect.fr\/"},{"@type":"ListItem","position":2,"name":"Cas clients"}]},{"@type":"WebSite","@id":"https:\/\/mobil-protect.fr\/#website","url":"https:\/\/mobil-protect.fr\/","name":"Mobil-Protect","description":"Simple, mobile et efficace","publisher":{"@id":"https:\/\/mobil-protect.fr\/#organization"},"potentialAction":[{"@type":"SearchAction","target":{"@type":"EntryPoint","urlTemplate":"https:\/\/mobil-protect.fr\/?s={search_term_string}"},"query-input":{"@type":"PropertyValueSpecification","valueRequired":true,"valueName":"search_term_string"}}],"inLanguage":"fr-FR"},{"@type":"Organization","@id":"https:\/\/mobil-protect.fr\/#organization","name":"Mobil-Protect","url":"https:\/\/mobil-protect.fr\/","logo":{"@type":"ImageObject","inLanguage":"fr-FR","@id":"https:\/\/mobil-protect.fr\/#\/schema\/logo\/image\/","url":"https:\/\/mobil-protect.fr\/wp-content\/uploads\/2021\/03\/cropped-Logo-MobilProtect.jpg","contentUrl":"https:\/\/mobil-protect.fr\/wp-content\/uploads\/2021\/03\/cropped-Logo-MobilProtect.jpg","width":600,"height":333,"caption":"Mobil-Protect"},"image":{"@id":"https:\/\/mobil-protect.fr\/#\/schema\/logo\/image\/"}}]}},"_links":{"self":[{"href":"https:\/\/mobil-protect.fr\/index.php\/wp-json\/wp\/v2\/pages\/184","targetHints":{"allow":["GET"]}}],"collection":[{"href":"https:\/\/mobil-protect.fr\/index.php\/wp-json\/wp\/v2\/pages"}],"about":[{"href":"https:\/\/mobil-protect.fr\/index.php\/wp-json\/wp\/v2\/types\/page"}],"author":[{"embeddable":true,"href":"https:\/\/mobil-protect.fr\/index.php\/wp-json\/wp\/v2\/users\/1"}],"replies":[{"embeddable":true,"href":"https:\/\/mobil-protect.fr\/index.php\/wp-json\/wp\/v2\/comments?post=184"}],"version-history":[{"count":276,"href":"https:\/\/mobil-protect.fr\/index.php\/wp-json\/wp\/v2\/pages\/184\/revisions"}],"predecessor-version":[{"id":2241,"href":"https:\/\/mobil-protect.fr\/index.php\/wp-json\/wp\/v2\/pages\/184\/revisions\/2241"}],"wp:attachment":[{"href":"https:\/\/mobil-protect.fr\/index.php\/wp-json\/wp\/v2\/media?parent=184"}],"curies":[{"name":"wp","href":"https:\/\/api.w.org\/{rel}","templated":true}]}}